{"id":30855,"date":"2025-11-03T13:20:09","date_gmt":"2025-11-03T12:20:09","guid":{"rendered":"https:\/\/malva1979.com\/servizi\/"},"modified":"2025-12-21T11:01:51","modified_gmt":"2025-12-21T10:01:51","slug":"services","status":"publish","type":"page","link":"https:\/\/malva1979.com\/fr\/services\/","title":{"rendered":"Services"},"content":{"rendered":"\t\t<div data-elementor-type=\"wp-page\" data-elementor-id=\"30855\" class=\"elementor elementor-30855 elementor-29793\">\n\t\t\t\t<div class=\"elementor-element elementor-element-6340156 e-con-full wd-section-stretch e-flex e-con e-parent\" data-id=\"6340156\" data-element_type=\"container\" data-settings=\"{&quot;background_background&quot;:&quot;classic&quot;}\">\n\t\t\t\t<div class=\"elementor-element elementor-element-40127be elementor-widget elementor-widget-spacer\" data-id=\"40127be\" data-element_type=\"widget\" data-widget_type=\"spacer.default\">\n\t\t\t\t\t\t\t<div class=\"elementor-spacer\">\n\t\t\t<div class=\"elementor-spacer-inner\"><\/div>\n\t\t<\/div>\n\t\t\t\t\t\t<\/div>\n\t\t\t\t<\/div>\n\t\t<div class=\"elementor-element elementor-element-c5e55a2 wd-section-stretch-content e-con-full e-flex e-con e-parent\" data-id=\"c5e55a2\" data-element_type=\"container\" id=\"regalo\">\n\t\t<div class=\"elementor-element elementor-element-bad6ad8 e-con-full e-flex e-con e-child\" data-id=\"bad6ad8\" data-element_type=\"container\">\n\t\t\t\t<div class=\"elementor-element elementor-element-ec75d72 elementor-invisible elementor-widget elementor-widget-heading\" data-id=\"ec75d72\" data-element_type=\"widget\" data-settings=\"{&quot;_animation&quot;:&quot;fadeIn&quot;}\" data-widget_type=\"heading.default\">\n\t\t\t\t\t<h2 class=\"elementor-heading-title elementor-size-default\">EMBALLAGE CADEAU<\/h2>\t\t\t\t<\/div>\n\t\t\t\t<div class=\"elementor-element elementor-element-30d2b6c animated-slow color-scheme-inherit text-left elementor-invisible elementor-widget elementor-widget-text-editor\" data-id=\"30d2b6c\" data-element_type=\"widget\" data-settings=\"{&quot;_animation&quot;:&quot;fadeIn&quot;,&quot;_animation_delay&quot;:200}\" data-widget_type=\"text-editor.default\">\n\t\t\t\t\t\t\t\t\t<p>Offrez \u00e0 votre commande une touche d\u2019\u00e9l\u00e9gance et de raffinement gr\u00e2ce \u00e0 notre emballage cadeau, pens\u00e9 pour sublimer chaque parfum. S\u00e9lectionnez simplement cette option lors du paiement et laissez la magie op\u00e9rer.<\/p>\t\t\t\t\t\t\t\t<\/div>\n\t\t\t\t<\/div>\n\t\t<div class=\"elementor-element elementor-element-cfadcc2 e-con-full e-flex e-con e-child\" data-id=\"cfadcc2\" data-element_type=\"container\">\n\t\t\t\t<div class=\"elementor-element elementor-element-1418c1d elementor-widget elementor-widget-image\" data-id=\"1418c1d\" data-element_type=\"widget\" data-widget_type=\"image.default\">\n\t\t\t\t\t\t\t\t\t\t\t\t\t\t\t<img loading=\"lazy\" decoding=\"async\" width=\"1053\" height=\"670\" src=\"https:\/\/malva1979.com\/wp-content\/uploads\/2025\/10\/cofanetto.jpg\" class=\"attachment-full size-full wp-image-30828\" alt=\"\" srcset=\"https:\/\/malva1979.com\/wp-content\/uploads\/2025\/10\/cofanetto.jpg 1053w, https:\/\/malva1979.com\/wp-content\/uploads\/2025\/10\/cofanetto-400x255.jpg 400w, https:\/\/malva1979.com\/wp-content\/uploads\/2025\/10\/cofanetto-768x489.jpg 768w, https:\/\/malva1979.com\/wp-content\/uploads\/2025\/10\/cofanetto-430x274.jpg 430w, https:\/\/malva1979.com\/wp-content\/uploads\/2025\/10\/cofanetto-700x445.jpg 700w, https:\/\/malva1979.com\/wp-content\/uploads\/2025\/10\/cofanetto-150x95.jpg 150w\" sizes=\"auto, (max-width: 1053px) 100vw, 1053px\" \/>\t\t\t\t\t\t\t\t\t\t\t\t\t\t\t<\/div>\n\t\t\t\t<\/div>\n\t\t\t\t<\/div>\n\t\t<div class=\"elementor-element elementor-element-d3ef4ae wd-section-stretch-content e-con-full e-flex e-con e-parent\" data-id=\"d3ef4ae\" data-element_type=\"container\" id=\"campioncini\">\n\t\t<div class=\"elementor-element elementor-element-2755b3e e-con-full e-flex e-con e-child\" data-id=\"2755b3e\" data-element_type=\"container\">\n\t\t\t\t<div class=\"elementor-element elementor-element-caa5401 elementor-widget elementor-widget-image\" data-id=\"caa5401\" data-element_type=\"widget\" data-widget_type=\"image.default\">\n\t\t\t\t\t\t\t\t\t\t\t\t\t\t\t<img loading=\"lazy\" decoding=\"async\" width=\"1053\" height=\"670\" src=\"https:\/\/malva1979.com\/wp-content\/uploads\/2025\/10\/campioncini.jpg\" class=\"attachment-full size-full wp-image-30827\" alt=\"\" srcset=\"https:\/\/malva1979.com\/wp-content\/uploads\/2025\/10\/campioncini.jpg 1053w, https:\/\/malva1979.com\/wp-content\/uploads\/2025\/10\/campioncini-400x255.jpg 400w, https:\/\/malva1979.com\/wp-content\/uploads\/2025\/10\/campioncini-768x489.jpg 768w, https:\/\/malva1979.com\/wp-content\/uploads\/2025\/10\/campioncini-430x274.jpg 430w, https:\/\/malva1979.com\/wp-content\/uploads\/2025\/10\/campioncini-700x445.jpg 700w, https:\/\/malva1979.com\/wp-content\/uploads\/2025\/10\/campioncini-150x95.jpg 150w\" sizes=\"auto, (max-width: 1053px) 100vw, 1053px\" \/>\t\t\t\t\t\t\t\t\t\t\t\t\t\t\t<\/div>\n\t\t\t\t<\/div>\n\t\t<div class=\"elementor-element elementor-element-326b9b2 e-con-full e-flex e-con e-child\" data-id=\"326b9b2\" data-element_type=\"container\">\n\t\t\t\t<div class=\"elementor-element elementor-element-34606fa elementor-invisible elementor-widget elementor-widget-heading\" data-id=\"34606fa\" data-element_type=\"widget\" data-settings=\"{&quot;_animation&quot;:&quot;fadeIn&quot;}\" data-widget_type=\"heading.default\">\n\t\t\t\t\t<h2 class=\"elementor-heading-title elementor-size-default\">\u00c9CHANTILLONS GRATUITS<\/h2>\t\t\t\t<\/div>\n\t\t\t\t<div class=\"elementor-element elementor-element-e503a5c animated-slow color-scheme-inherit text-left elementor-invisible elementor-widget elementor-widget-text-editor\" data-id=\"e503a5c\" data-element_type=\"widget\" data-settings=\"{&quot;_animation&quot;:&quot;fadeIn&quot;,&quot;_animation_delay&quot;:200}\" data-widget_type=\"text-editor.default\">\n\t\t\t\t\t\t\t\t\t<p>Chaque commande s\u2019accompagne de pr\u00e9cieux \u00e9chantillons, choisis pour vous inviter \u00e0 un voyage olfactif in\u00e9dit et d\u00e9couvrir de nouvelles \u00e9motions au c\u0153ur de notre collection.<\/p>\t\t\t\t\t\t\t\t<\/div>\n\t\t\t\t<\/div>\n\t\t\t\t<\/div>\n\t\t\t\t<\/div>\n\t\t","protected":false},"excerpt":{"rendered":"<p>EMBALLAGE CADEAU Offrez \u00e0 votre commande une touche d\u2019\u00e9l\u00e9gance et de raffinement gr\u00e2ce \u00e0 notre emballage cadeau, pens\u00e9 pour sublimer<\/p>\n","protected":false},"author":1,"featured_media":0,"parent":0,"menu_order":0,"comment_status":"closed","ping_status":"closed","template":"","meta":{"footnotes":""},"class_list":["post-30855","page","type-page","status-publish","hentry"],"yoast_head":"<!-- This site is optimized with the Yoast SEO plugin v27.3 - https:\/\/yoast.com\/product\/yoast-seo-wordpress\/ -->\n<title>Services - Malva 1979<\/title>\n<meta name=\"robots\" content=\"index, follow, max-snippet:-1, max-image-preview:large, max-video-preview:-1\" \/>\n<link rel=\"canonical\" href=\"https:\/\/malva1979.com\/fr\/services\/\" \/>\n<meta property=\"og:locale\" content=\"fr_FR\" \/>\n<meta property=\"og:type\" content=\"article\" \/>\n<meta property=\"og:title\" content=\"Services - Malva 1979\" \/>\n<meta property=\"og:description\" content=\"EMBALLAGE CADEAU Offrez \u00e0 votre commande une touche d\u2019\u00e9l\u00e9gance et de raffinement gr\u00e2ce \u00e0 notre emballage cadeau, pens\u00e9 pour sublimer\" \/>\n<meta property=\"og:url\" content=\"https:\/\/malva1979.com\/fr\/services\/\" \/>\n<meta property=\"og:site_name\" content=\"Malva 1979\" \/>\n<meta property=\"article:modified_time\" content=\"2025-12-21T10:01:51+00:00\" \/>\n<meta property=\"og:image\" content=\"https:\/\/malva1979.com\/wp-content\/uploads\/2025\/10\/cofanetto.jpg\" \/>\n<meta name=\"twitter:card\" content=\"summary_large_image\" \/>\n<meta name=\"twitter:label1\" content=\"Dur\u00e9e de lecture estim\u00e9e\" \/>\n\t<meta name=\"twitter:data1\" content=\"1 minute\" \/>\n<script type=\"application\/ld+json\" class=\"yoast-schema-graph\">{\"@context\":\"https:\\\/\\\/schema.org\",\"@graph\":[{\"@type\":\"WebPage\",\"@id\":\"https:\\\/\\\/malva1979.com\\\/fr\\\/services\\\/\",\"url\":\"https:\\\/\\\/malva1979.com\\\/fr\\\/services\\\/\",\"name\":\"Services - Malva 1979\",\"isPartOf\":{\"@id\":\"https:\\\/\\\/malva1979.com\\\/fr\\\/#website\"},\"primaryImageOfPage\":{\"@id\":\"https:\\\/\\\/malva1979.com\\\/fr\\\/services\\\/#primaryimage\"},\"image\":{\"@id\":\"https:\\\/\\\/malva1979.com\\\/fr\\\/services\\\/#primaryimage\"},\"thumbnailUrl\":\"https:\\\/\\\/malva1979.com\\\/wp-content\\\/uploads\\\/2025\\\/10\\\/cofanetto.jpg\",\"datePublished\":\"2025-11-03T12:20:09+00:00\",\"dateModified\":\"2025-12-21T10:01:51+00:00\",\"breadcrumb\":{\"@id\":\"https:\\\/\\\/malva1979.com\\\/fr\\\/services\\\/#breadcrumb\"},\"inLanguage\":\"fr-FR\",\"potentialAction\":[{\"@type\":\"ReadAction\",\"target\":[\"https:\\\/\\\/malva1979.com\\\/fr\\\/services\\\/\"]}]},{\"@type\":\"ImageObject\",\"inLanguage\":\"fr-FR\",\"@id\":\"https:\\\/\\\/malva1979.com\\\/fr\\\/services\\\/#primaryimage\",\"url\":\"https:\\\/\\\/malva1979.com\\\/wp-content\\\/uploads\\\/2025\\\/10\\\/cofanetto.jpg\",\"contentUrl\":\"https:\\\/\\\/malva1979.com\\\/wp-content\\\/uploads\\\/2025\\\/10\\\/cofanetto.jpg\"},{\"@type\":\"BreadcrumbList\",\"@id\":\"https:\\\/\\\/malva1979.com\\\/fr\\\/services\\\/#breadcrumb\",\"itemListElement\":[{\"@type\":\"ListItem\",\"position\":1,\"name\":\"Home\",\"item\":\"https:\\\/\\\/malva1979.com\\\/fr\\\/\"},{\"@type\":\"ListItem\",\"position\":2,\"name\":\"Services\"}]},{\"@type\":\"WebSite\",\"@id\":\"https:\\\/\\\/malva1979.com\\\/fr\\\/#website\",\"url\":\"https:\\\/\\\/malva1979.com\\\/fr\\\/\",\"name\":\"Malva 1979\",\"description\":\"\",\"publisher\":{\"@id\":\"https:\\\/\\\/malva1979.com\\\/fr\\\/#organization\"},\"potentialAction\":[{\"@type\":\"SearchAction\",\"target\":{\"@type\":\"EntryPoint\",\"urlTemplate\":\"https:\\\/\\\/malva1979.com\\\/fr\\\/?s={search_term_string}\"},\"query-input\":{\"@type\":\"PropertyValueSpecification\",\"valueRequired\":true,\"valueName\":\"search_term_string\"}}],\"inLanguage\":\"fr-FR\"},{\"@type\":\"Organization\",\"@id\":\"https:\\\/\\\/malva1979.com\\\/fr\\\/#organization\",\"name\":\"Malva 1979\",\"url\":\"https:\\\/\\\/malva1979.com\\\/fr\\\/\",\"logo\":{\"@type\":\"ImageObject\",\"inLanguage\":\"fr-FR\",\"@id\":\"https:\\\/\\\/malva1979.com\\\/fr\\\/#\\\/schema\\\/logo\\\/image\\\/\",\"url\":\"https:\\\/\\\/malva1979.com\\\/wp-content\\\/uploads\\\/2025\\\/08\\\/Logo-Malva.png\",\"contentUrl\":\"https:\\\/\\\/malva1979.com\\\/wp-content\\\/uploads\\\/2025\\\/08\\\/Logo-Malva.png\",\"width\":809,\"height\":655,\"caption\":\"Malva 1979\"},\"image\":{\"@id\":\"https:\\\/\\\/malva1979.com\\\/fr\\\/#\\\/schema\\\/logo\\\/image\\\/\"},\"sameAs\":[\"https:\\\/\\\/www.instagram.com\\\/malva_1979\\\/\",\"https:\\\/\\\/www.linkedin.com\\\/in\\\/malva-moncalvo-023531a5\\\/\"]}]}<\/script>\n<!-- \/ Yoast SEO plugin. -->","yoast_head_json":{"title":"Services - Malva 1979","robots":{"index":"index","follow":"follow","max-snippet":"max-snippet:-1","max-image-preview":"max-image-preview:large","max-video-preview":"max-video-preview:-1"},"canonical":"https:\/\/malva1979.com\/fr\/services\/","og_locale":"fr_FR","og_type":"article","og_title":"Services - Malva 1979","og_description":"EMBALLAGE CADEAU Offrez \u00e0 votre commande une touche d\u2019\u00e9l\u00e9gance et de raffinement gr\u00e2ce \u00e0 notre emballage cadeau, pens\u00e9 pour sublimer","og_url":"https:\/\/malva1979.com\/fr\/services\/","og_site_name":"Malva 1979","article_modified_time":"2025-12-21T10:01:51+00:00","og_image":[{"url":"https:\/\/malva1979.com\/wp-content\/uploads\/2025\/10\/cofanetto.jpg","type":"","width":"","height":""}],"twitter_card":"summary_large_image","twitter_misc":{"Dur\u00e9e de lecture estim\u00e9e":"1 minute"},"schema":{"@context":"https:\/\/schema.org","@graph":[{"@type":"WebPage","@id":"https:\/\/malva1979.com\/fr\/services\/","url":"https:\/\/malva1979.com\/fr\/services\/","name":"Services - Malva 1979","isPartOf":{"@id":"https:\/\/malva1979.com\/fr\/#website"},"primaryImageOfPage":{"@id":"https:\/\/malva1979.com\/fr\/services\/#primaryimage"},"image":{"@id":"https:\/\/malva1979.com\/fr\/services\/#primaryimage"},"thumbnailUrl":"https:\/\/malva1979.com\/wp-content\/uploads\/2025\/10\/cofanetto.jpg","datePublished":"2025-11-03T12:20:09+00:00","dateModified":"2025-12-21T10:01:51+00:00","breadcrumb":{"@id":"https:\/\/malva1979.com\/fr\/services\/#breadcrumb"},"inLanguage":"fr-FR","potentialAction":[{"@type":"ReadAction","target":["https:\/\/malva1979.com\/fr\/services\/"]}]},{"@type":"ImageObject","inLanguage":"fr-FR","@id":"https:\/\/malva1979.com\/fr\/services\/#primaryimage","url":"https:\/\/malva1979.com\/wp-content\/uploads\/2025\/10\/cofanetto.jpg","contentUrl":"https:\/\/malva1979.com\/wp-content\/uploads\/2025\/10\/cofanetto.jpg"},{"@type":"BreadcrumbList","@id":"https:\/\/malva1979.com\/fr\/services\/#breadcrumb","itemListElement":[{"@type":"ListItem","position":1,"name":"Home","item":"https:\/\/malva1979.com\/fr\/"},{"@type":"ListItem","position":2,"name":"Services"}]},{"@type":"WebSite","@id":"https:\/\/malva1979.com\/fr\/#website","url":"https:\/\/malva1979.com\/fr\/","name":"Malva 1979","description":"","publisher":{"@id":"https:\/\/malva1979.com\/fr\/#organization"},"potentialAction":[{"@type":"SearchAction","target":{"@type":"EntryPoint","urlTemplate":"https:\/\/malva1979.com\/fr\/?s={search_term_string}"},"query-input":{"@type":"PropertyValueSpecification","valueRequired":true,"valueName":"search_term_string"}}],"inLanguage":"fr-FR"},{"@type":"Organization","@id":"https:\/\/malva1979.com\/fr\/#organization","name":"Malva 1979","url":"https:\/\/malva1979.com\/fr\/","logo":{"@type":"ImageObject","inLanguage":"fr-FR","@id":"https:\/\/malva1979.com\/fr\/#\/schema\/logo\/image\/","url":"https:\/\/malva1979.com\/wp-content\/uploads\/2025\/08\/Logo-Malva.png","contentUrl":"https:\/\/malva1979.com\/wp-content\/uploads\/2025\/08\/Logo-Malva.png","width":809,"height":655,"caption":"Malva 1979"},"image":{"@id":"https:\/\/malva1979.com\/fr\/#\/schema\/logo\/image\/"},"sameAs":["https:\/\/www.instagram.com\/malva_1979\/","https:\/\/www.linkedin.com\/in\/malva-moncalvo-023531a5\/"]}]}},"_links":{"self":[{"href":"https:\/\/malva1979.com\/fr\/wp-json\/wp\/v2\/pages\/30855","targetHints":{"allow":["GET"]}}],"collection":[{"href":"https:\/\/malva1979.com\/fr\/wp-json\/wp\/v2\/pages"}],"about":[{"href":"https:\/\/malva1979.com\/fr\/wp-json\/wp\/v2\/types\/page"}],"author":[{"embeddable":true,"href":"https:\/\/malva1979.com\/fr\/wp-json\/wp\/v2\/users\/1"}],"replies":[{"embeddable":true,"href":"https:\/\/malva1979.com\/fr\/wp-json\/wp\/v2\/comments?post=30855"}],"version-history":[{"count":4,"href":"https:\/\/malva1979.com\/fr\/wp-json\/wp\/v2\/pages\/30855\/revisions"}],"predecessor-version":[{"id":30862,"href":"https:\/\/malva1979.com\/fr\/wp-json\/wp\/v2\/pages\/30855\/revisions\/30862"}],"wp:attachment":[{"href":"https:\/\/malva1979.com\/fr\/wp-json\/wp\/v2\/media?parent=30855"}],"curies":[{"name":"wp","href":"https:\/\/api.w.org\/{rel}","templated":true}]}}