{"id":30992,"date":"2025-10-13T06:31:29","date_gmt":"2025-10-13T04:31:29","guid":{"rendered":"https:\/\/malva1979.com\/chi-siamo\/"},"modified":"2026-04-07T17:44:56","modified_gmt":"2026-04-07T15:44:56","slug":"a-propos","status":"publish","type":"page","link":"https:\/\/malva1979.com\/fr\/a-propos\/","title":{"rendered":"\u00c0 propos"},"content":{"rendered":"\t\t<div data-elementor-type=\"wp-page\" data-elementor-id=\"30992\" class=\"elementor elementor-30992 elementor-29341\">\n\t\t\t\t<div class=\"elementor-element elementor-element-6340156 e-con-full wd-section-stretch e-flex e-con e-parent\" data-id=\"6340156\" data-element_type=\"container\" data-settings=\"{&quot;background_background&quot;:&quot;classic&quot;}\">\n\t\t\t\t<div class=\"elementor-element elementor-element-40127be elementor-widget elementor-widget-spacer\" data-id=\"40127be\" data-element_type=\"widget\" data-widget_type=\"spacer.default\">\n\t\t\t\t\t\t\t<div class=\"elementor-spacer\">\n\t\t\t<div class=\"elementor-spacer-inner\"><\/div>\n\t\t<\/div>\n\t\t\t\t\t\t<\/div>\n\t\t\t\t<\/div>\n\t\t<div class=\"wd-negative-gap elementor-element elementor-element-d359c29 animated-slow wd-section-stretch e-flex e-con-boxed elementor-invisible e-con e-parent\" data-id=\"d359c29\" data-element_type=\"container\" data-settings=\"{&quot;animation&quot;:&quot;fadeIn&quot;}\">\n\t\t\t\t\t<div class=\"e-con-inner\">\n\t\t\t\t<div class=\"elementor-element elementor-element-0925495 elementor-invisible elementor-widget elementor-widget-heading\" data-id=\"0925495\" data-element_type=\"widget\" data-settings=\"{&quot;_animation&quot;:&quot;fadeIn&quot;}\" data-widget_type=\"heading.default\">\n\t\t\t\t\t<h2 class=\"elementor-heading-title elementor-size-default\">PARFOIS, IL SUFFIT D\u2019UN D\u00c9TAIL POUR R\u00c9VEILLER UN SOUVENIR.<\/h2>\t\t\t\t<\/div>\n\t\t\t\t\t<\/div>\n\t\t\t\t<\/div>\n\t\t<div class=\"wd-negative-gap elementor-element elementor-element-19222c4 e-flex e-con-boxed e-con e-parent\" data-id=\"19222c4\" data-element_type=\"container\">\n\t\t\t\t\t<div class=\"e-con-inner\">\n\t\t<div class=\"elementor-element elementor-element-6756ddd e-con-full e-flex e-con e-child\" data-id=\"6756ddd\" data-element_type=\"container\">\n\t\t\t\t<div class=\"elementor-element elementor-element-04f4e63 color-scheme-inherit text-left elementor-widget elementor-widget-text-editor\" data-id=\"04f4e63\" data-element_type=\"widget\" data-widget_type=\"text-editor.default\">\n\t\t\t\t\t\t\t\t\t<p><strong>MALVA 1979<\/strong>\u00a0est la marque de parfumerie artistique fond\u00e9e par Malva Moncalvo et pr\u00e9sent\u00e9e pour la premi\u00e8re fois en septembre 2025. N\u00e9e comme l\u2019expression authentique de la vision cr\u00e9ative de sa fondatrice, la marque interpr\u00e8te le parfum comme un langage culturel et un outil identitaire, capable de raconter la dimension la plus intime et po\u00e9tique de l\u2019\u00eatre humain.<\/p>\n<p>\u00a0<\/p>\n<p>Pour Malva, le parfum est une forme d\u2019art qui traduit \u00e9motions, souvenirs et perceptions en exp\u00e9riences sensorielles. La collection MALVA 1979 na\u00eet de la rencontre entre recherche et inspiration, entre \u00e9motion et m\u00e9moire, avec l\u2019objectif de construire un imaginaire olfactif qui transcende la mode pour devenir narration.<\/p>\n<p>\u00a0<\/p>\n<p>Chaque fragrance est un r\u00e9cit : un \u00e9quilibre subtil entre artisanat et contemporan\u00e9it\u00e9, qui \u00e9voque des paysages int\u00e9rieurs, des impressions et des visions personnelles.<\/p>\n<p>\u00a0<\/p>\n<p>Malva Moncalvo, pharmacienne et formatrice avec un parcours de vingt ans dans le secteur cosm\u00e9tique, adopte une approche qui allie connaissances scientifiques et passion pour le monde des parfums, donnant vie \u00e0 un langage olfactif qui conjugue rigueur et cr\u00e9ativit\u00e9. Son histoire avec le parfum plonge ses racines dans l\u2019enfance : \u00e9lev\u00e9e au contact de la nature, elle a d\u00e9velopp\u00e9 tr\u00e8s t\u00f4t une m\u00e9moire olfactive qui inspire encore aujourd\u2019hui ses cr\u00e9ations.<\/p>\n<p>\u00a0<\/p>\n<p>Apr\u00e8s une licence en Pharmacie et une premi\u00e8re formation dans le domaine de la parfumerie, elle n\u2019a cess\u00e9 d\u2019approfondir ses comp\u00e9tences, compl\u00e9tant ses \u00e9tudes par une intense activit\u00e9 de divulgation et de formation. Au cours de sa carri\u00e8re, elle a occup\u00e9 des postes de direction, s\u2019occupant d\u2019exportation et de communication dans le secteur cosm\u00e9tique, avec une attention particuli\u00e8re aux strat\u00e9gies internationales et \u00e0 la formation scientifique pour pharmaciens et m\u00e9decins. Elle est \u00e9galement auteure d\u2019articles sp\u00e9cialis\u00e9s pour des revues techniques et formatrice dans des cours ECM, en plus de conduire des parcours exp\u00e9rientiels d\u00e9di\u00e9s \u00e0 l\u2019odorat et \u00e0 la m\u00e9moire olfactive.<\/p>\n<p>\u00a0<\/p>\n<p>Avec MALVA 1979, Malva Moncalvo transforme son exp\u00e9rience professionnelle et sa sensibilit\u00e9 artistique en une collection de fragrances qui racontent la m\u00e9moire, la nature et l\u2019\u00e9motion. Le parfum devient ainsi un art \u00e0 porter, un geste de libert\u00e9 et une forme de beaut\u00e9 consciente.<\/p>\n<p>Chaque cr\u00e9ation est une invitation \u00e0 vivre le parfum non comme un simple ornement, mais comme une exp\u00e9rience intime et identitaire, capable d\u2019accompagner et de d\u00e9finir ceux qui le choisissent.<\/p>\t\t\t\t\t\t\t\t<\/div>\n\t\t\t\t<div class=\"elementor-element elementor-element-600f3c5 elementor-widget elementor-widget-image\" data-id=\"600f3c5\" data-element_type=\"widget\" data-widget_type=\"image.default\">\n\t\t\t\t\t\t\t\t\t\t\t\t\t\t\t<img loading=\"lazy\" decoding=\"async\" width=\"1920\" height=\"1441\" src=\"https:\/\/malva1979.com\/wp-content\/uploads\/2025\/10\/MALVA-web.jpg\" class=\"attachment-full size-full wp-image-30988\" alt=\"\" srcset=\"https:\/\/malva1979.com\/wp-content\/uploads\/2025\/10\/MALVA-web.jpg 1920w, https:\/\/malva1979.com\/wp-content\/uploads\/2025\/10\/MALVA-web-400x300.jpg 400w, https:\/\/malva1979.com\/wp-content\/uploads\/2025\/10\/MALVA-web-1066x800.jpg 1066w, https:\/\/malva1979.com\/wp-content\/uploads\/2025\/10\/MALVA-web-768x576.jpg 768w, https:\/\/malva1979.com\/wp-content\/uploads\/2025\/10\/MALVA-web-1536x1153.jpg 1536w, https:\/\/malva1979.com\/wp-content\/uploads\/2025\/10\/MALVA-web-430x323.jpg 430w, https:\/\/malva1979.com\/wp-content\/uploads\/2025\/10\/MALVA-web-700x525.jpg 700w, https:\/\/malva1979.com\/wp-content\/uploads\/2025\/10\/MALVA-web-150x113.jpg 150w\" sizes=\"auto, (max-width: 1920px) 100vw, 1920px\" \/>\t\t\t\t\t\t\t\t\t\t\t\t\t\t\t<\/div>\n\t\t\t\t<\/div>\n\t\t\t\t\t<\/div>\n\t\t\t\t<\/div>\n\t\t<div class=\"wd-negative-gap elementor-element elementor-element-01afde1 e-flex e-con-boxed e-con e-parent\" data-id=\"01afde1\" data-element_type=\"container\">\n\t\t\t\t\t<div class=\"e-con-inner\">\n\t\t\t\t<div class=\"elementor-element elementor-element-749685f elementor-invisible elementor-widget elementor-widget-heading\" data-id=\"749685f\" data-element_type=\"widget\" data-settings=\"{&quot;_animation&quot;:&quot;fadeIn&quot;}\" data-widget_type=\"heading.default\">\n\t\t\t\t\t<h2 class=\"elementor-heading-title elementor-size-default\">FABRIQU\u00c9 EN ITALIE<\/h2>\t\t\t\t<\/div>\n\t\t\t\t<div class=\"elementor-element elementor-element-d38d5d3 color-scheme-inherit text-left elementor-widget elementor-widget-text-editor\" data-id=\"d38d5d3\" data-element_type=\"widget\" data-widget_type=\"text-editor.default\">\n\t\t\t\t\t\t\t\t\t<p>Les flacons, fabriqu\u00e9s par des verreries europ\u00e9ennes, sont pr\u00e9sent\u00e9s dans des coffrets r\u00e9alis\u00e9s par des artisans italiens: des objets pens\u00e9s pour durer, \u00e0 conserver et \u00e0 r\u00e9utiliser, dans le respect de l\u2019environnement, en \u00e9vitant tout opportunisme li\u00e9 au greenwashing.<\/p><p>Le graphisme refl\u00e8te lui aussi une esth\u00e9tique conceptuelle et raffin\u00e9e: des formes abstraites \u00e9mergent de fonds sombres dans un jeu de lumi\u00e8re et de profondeur, cr\u00e9ant une identit\u00e9 visuelle onirique et intense, en coh\u00e9rence avec l\u2019univers \u00e9motionnel des fragrances.<\/p>\t\t\t\t\t\t\t\t<\/div>\n\t\t<div class=\"elementor-element elementor-element-94ae566 e-grid e-con-full e-con e-child\" data-id=\"94ae566\" data-element_type=\"container\">\n\t\t\t\t<div class=\"elementor-element elementor-element-1387afa elementor-widget elementor-widget-image\" data-id=\"1387afa\" data-element_type=\"widget\" data-widget_type=\"image.default\">\n\t\t\t\t\t\t\t\t\t\t\t\t\t\t\t\t<a href=\"https:\/\/malva1979.com\/fr\/categorie-produit\/eau-de-parfume\/\">\n\t\t\t\t\t\t\t<img loading=\"lazy\" decoding=\"async\" width=\"800\" height=\"1132\" src=\"https:\/\/malva1979.com\/wp-content\/uploads\/2026\/04\/02-moon-blooming.jpg\" class=\"attachment-full size-full wp-image-31774\" alt=\"\" srcset=\"https:\/\/malva1979.com\/wp-content\/uploads\/2026\/04\/02-moon-blooming.jpg 800w, https:\/\/malva1979.com\/wp-content\/uploads\/2026\/04\/02-moon-blooming-212x300.jpg 212w, https:\/\/malva1979.com\/wp-content\/uploads\/2026\/04\/02-moon-blooming-565x800.jpg 565w, https:\/\/malva1979.com\/wp-content\/uploads\/2026\/04\/02-moon-blooming-768x1087.jpg 768w, https:\/\/malva1979.com\/wp-content\/uploads\/2026\/04\/02-moon-blooming-430x608.jpg 430w, https:\/\/malva1979.com\/wp-content\/uploads\/2026\/04\/02-moon-blooming-700x991.jpg 700w, https:\/\/malva1979.com\/wp-content\/uploads\/2026\/04\/02-moon-blooming-150x212.jpg 150w\" sizes=\"auto, (max-width: 800px) 100vw, 800px\" \/>\t\t\t\t\t\t\t\t<\/a>\n\t\t\t\t\t\t\t\t\t\t\t\t\t\t\t<\/div>\n\t\t\t\t<div class=\"elementor-element elementor-element-35755e5 elementor-widget elementor-widget-image\" data-id=\"35755e5\" data-element_type=\"widget\" data-widget_type=\"image.default\">\n\t\t\t\t\t\t\t\t\t\t\t\t\t\t\t\t<a href=\"https:\/\/malva1979.com\/fr\/categorie-produit\/eau-de-parfume\/\">\n\t\t\t\t\t\t\t<img loading=\"lazy\" decoding=\"async\" width=\"800\" height=\"1132\" src=\"https:\/\/malva1979.com\/wp-content\/uploads\/2026\/04\/02-nude-essence.jpg\" class=\"attachment-full size-full wp-image-31775\" alt=\"\" srcset=\"https:\/\/malva1979.com\/wp-content\/uploads\/2026\/04\/02-nude-essence.jpg 800w, https:\/\/malva1979.com\/wp-content\/uploads\/2026\/04\/02-nude-essence-212x300.jpg 212w, https:\/\/malva1979.com\/wp-content\/uploads\/2026\/04\/02-nude-essence-565x800.jpg 565w, https:\/\/malva1979.com\/wp-content\/uploads\/2026\/04\/02-nude-essence-768x1087.jpg 768w, https:\/\/malva1979.com\/wp-content\/uploads\/2026\/04\/02-nude-essence-430x608.jpg 430w, https:\/\/malva1979.com\/wp-content\/uploads\/2026\/04\/02-nude-essence-700x991.jpg 700w, https:\/\/malva1979.com\/wp-content\/uploads\/2026\/04\/02-nude-essence-150x212.jpg 150w\" sizes=\"auto, (max-width: 800px) 100vw, 800px\" \/>\t\t\t\t\t\t\t\t<\/a>\n\t\t\t\t\t\t\t\t\t\t\t\t\t\t\t<\/div>\n\t\t\t\t<div class=\"elementor-element elementor-element-3dc259a elementor-widget elementor-widget-image\" data-id=\"3dc259a\" data-element_type=\"widget\" data-widget_type=\"image.default\">\n\t\t\t\t\t\t\t\t\t\t\t\t\t\t\t\t<a href=\"https:\/\/malva1979.com\/fr\/categorie-produit\/eau-de-parfume\/\">\n\t\t\t\t\t\t\t<img loading=\"lazy\" decoding=\"async\" width=\"800\" height=\"1132\" src=\"https:\/\/malva1979.com\/wp-content\/uploads\/2026\/04\/discovery-kit3.jpg\" class=\"attachment-full size-full wp-image-31776\" alt=\"\" srcset=\"https:\/\/malva1979.com\/wp-content\/uploads\/2026\/04\/discovery-kit3.jpg 800w, https:\/\/malva1979.com\/wp-content\/uploads\/2026\/04\/discovery-kit3-212x300.jpg 212w, https:\/\/malva1979.com\/wp-content\/uploads\/2026\/04\/discovery-kit3-565x800.jpg 565w, https:\/\/malva1979.com\/wp-content\/uploads\/2026\/04\/discovery-kit3-768x1087.jpg 768w, https:\/\/malva1979.com\/wp-content\/uploads\/2026\/04\/discovery-kit3-430x608.jpg 430w, https:\/\/malva1979.com\/wp-content\/uploads\/2026\/04\/discovery-kit3-700x991.jpg 700w, https:\/\/malva1979.com\/wp-content\/uploads\/2026\/04\/discovery-kit3-150x212.jpg 150w\" sizes=\"auto, (max-width: 800px) 100vw, 800px\" \/>\t\t\t\t\t\t\t\t<\/a>\n\t\t\t\t\t\t\t\t\t\t\t\t\t\t\t<\/div>\n\t\t\t\t<div class=\"elementor-element elementor-element-10d299e elementor-widget elementor-widget-image\" data-id=\"10d299e\" data-element_type=\"widget\" data-widget_type=\"image.default\">\n\t\t\t\t\t\t\t\t\t\t\t\t\t\t\t\t<a href=\"https:\/\/malva1979.com\/fr\/categorie-produit\/eau-de-parfume\/\">\n\t\t\t\t\t\t\t<img loading=\"lazy\" decoding=\"async\" width=\"800\" height=\"1132\" src=\"https:\/\/malva1979.com\/wp-content\/uploads\/2026\/04\/02-pied-dans-leau.jpg\" class=\"attachment-full size-full wp-image-31777\" alt=\"\" srcset=\"https:\/\/malva1979.com\/wp-content\/uploads\/2026\/04\/02-pied-dans-leau.jpg 800w, https:\/\/malva1979.com\/wp-content\/uploads\/2026\/04\/02-pied-dans-leau-212x300.jpg 212w, https:\/\/malva1979.com\/wp-content\/uploads\/2026\/04\/02-pied-dans-leau-565x800.jpg 565w, https:\/\/malva1979.com\/wp-content\/uploads\/2026\/04\/02-pied-dans-leau-768x1087.jpg 768w, https:\/\/malva1979.com\/wp-content\/uploads\/2026\/04\/02-pied-dans-leau-430x608.jpg 430w, https:\/\/malva1979.com\/wp-content\/uploads\/2026\/04\/02-pied-dans-leau-700x991.jpg 700w, https:\/\/malva1979.com\/wp-content\/uploads\/2026\/04\/02-pied-dans-leau-150x212.jpg 150w\" sizes=\"auto, (max-width: 800px) 100vw, 800px\" \/>\t\t\t\t\t\t\t\t<\/a>\n\t\t\t\t\t\t\t\t\t\t\t\t\t\t\t<\/div>\n\t\t\t\t<div class=\"elementor-element elementor-element-bbed29e elementor-widget elementor-widget-image\" data-id=\"bbed29e\" data-element_type=\"widget\" data-widget_type=\"image.default\">\n\t\t\t\t\t\t\t\t\t\t\t\t\t\t\t\t<a href=\"https:\/\/malva1979.com\/fr\/categorie-produit\/eau-de-parfume\/\">\n\t\t\t\t\t\t\t<img loading=\"lazy\" decoding=\"async\" width=\"800\" height=\"1132\" src=\"https:\/\/malva1979.com\/wp-content\/uploads\/2026\/04\/02-tropical-latte.jpg\" class=\"attachment-full size-full wp-image-31778\" alt=\"\" srcset=\"https:\/\/malva1979.com\/wp-content\/uploads\/2026\/04\/02-tropical-latte.jpg 800w, https:\/\/malva1979.com\/wp-content\/uploads\/2026\/04\/02-tropical-latte-212x300.jpg 212w, https:\/\/malva1979.com\/wp-content\/uploads\/2026\/04\/02-tropical-latte-565x800.jpg 565w, https:\/\/malva1979.com\/wp-content\/uploads\/2026\/04\/02-tropical-latte-768x1087.jpg 768w, https:\/\/malva1979.com\/wp-content\/uploads\/2026\/04\/02-tropical-latte-430x608.jpg 430w, https:\/\/malva1979.com\/wp-content\/uploads\/2026\/04\/02-tropical-latte-700x991.jpg 700w, https:\/\/malva1979.com\/wp-content\/uploads\/2026\/04\/02-tropical-latte-150x212.jpg 150w\" sizes=\"auto, (max-width: 800px) 100vw, 800px\" \/>\t\t\t\t\t\t\t\t<\/a>\n\t\t\t\t\t\t\t\t\t\t\t\t\t\t\t<\/div>\n\t\t\t\t<\/div>\n\t\t\t\t\t<\/div>\n\t\t\t\t<\/div>\n\t\t\t\t<\/div>\n\t\t","protected":false},"excerpt":{"rendered":"<p>PARFOIS, IL SUFFIT D\u2019UN D\u00c9TAIL POUR R\u00c9VEILLER UN SOUVENIR. MALVA 1979\u00a0est la marque de parfumerie artistique fond\u00e9e par Malva Moncalvo<\/p>\n","protected":false},"author":1,"featured_media":0,"parent":0,"menu_order":0,"comment_status":"closed","ping_status":"closed","template":"","meta":{"footnotes":""},"class_list":["post-30992","page","type-page","status-publish","hentry"],"yoast_head":"<!-- This site is optimized with the Yoast SEO plugin v27.3 - https:\/\/yoast.com\/product\/yoast-seo-wordpress\/ -->\n<title>\u00c0 propos - Malva 1979<\/title>\n<meta name=\"robots\" content=\"index, follow, max-snippet:-1, max-image-preview:large, max-video-preview:-1\" \/>\n<link rel=\"canonical\" href=\"https:\/\/malva1979.com\/fr\/a-propos\/\" \/>\n<meta property=\"og:locale\" content=\"fr_FR\" \/>\n<meta property=\"og:type\" content=\"article\" \/>\n<meta property=\"og:title\" content=\"\u00c0 propos - Malva 1979\" \/>\n<meta property=\"og:description\" content=\"PARFOIS, IL SUFFIT D\u2019UN D\u00c9TAIL POUR R\u00c9VEILLER UN SOUVENIR. MALVA 1979\u00a0est la marque de parfumerie artistique fond\u00e9e par Malva Moncalvo\" \/>\n<meta property=\"og:url\" content=\"https:\/\/malva1979.com\/fr\/a-propos\/\" \/>\n<meta property=\"og:site_name\" content=\"Malva 1979\" \/>\n<meta property=\"article:modified_time\" content=\"2026-04-07T15:44:56+00:00\" \/>\n<meta property=\"og:image\" content=\"https:\/\/malva1979.com\/wp-content\/uploads\/2025\/10\/MALVA-web.jpg\" \/>\n\t<meta property=\"og:image:width\" content=\"1920\" \/>\n\t<meta property=\"og:image:height\" content=\"1441\" \/>\n\t<meta property=\"og:image:type\" content=\"image\/jpeg\" \/>\n<meta name=\"twitter:card\" content=\"summary_large_image\" \/>\n<meta name=\"twitter:label1\" content=\"Dur\u00e9e de lecture estim\u00e9e\" \/>\n\t<meta name=\"twitter:data1\" content=\"4 minutes\" \/>\n<script type=\"application\/ld+json\" class=\"yoast-schema-graph\">{\"@context\":\"https:\\\/\\\/schema.org\",\"@graph\":[{\"@type\":\"WebPage\",\"@id\":\"https:\\\/\\\/malva1979.com\\\/fr\\\/a-propos\\\/\",\"url\":\"https:\\\/\\\/malva1979.com\\\/fr\\\/a-propos\\\/\",\"name\":\"\u00c0 propos - Malva 1979\",\"isPartOf\":{\"@id\":\"https:\\\/\\\/malva1979.com\\\/fr\\\/#website\"},\"primaryImageOfPage\":{\"@id\":\"https:\\\/\\\/malva1979.com\\\/fr\\\/a-propos\\\/#primaryimage\"},\"image\":{\"@id\":\"https:\\\/\\\/malva1979.com\\\/fr\\\/a-propos\\\/#primaryimage\"},\"thumbnailUrl\":\"https:\\\/\\\/malva1979.com\\\/wp-content\\\/uploads\\\/2025\\\/10\\\/MALVA-web.jpg\",\"datePublished\":\"2025-10-13T04:31:29+00:00\",\"dateModified\":\"2026-04-07T15:44:56+00:00\",\"breadcrumb\":{\"@id\":\"https:\\\/\\\/malva1979.com\\\/fr\\\/a-propos\\\/#breadcrumb\"},\"inLanguage\":\"fr-FR\",\"potentialAction\":[{\"@type\":\"ReadAction\",\"target\":[\"https:\\\/\\\/malva1979.com\\\/fr\\\/a-propos\\\/\"]}]},{\"@type\":\"ImageObject\",\"inLanguage\":\"fr-FR\",\"@id\":\"https:\\\/\\\/malva1979.com\\\/fr\\\/a-propos\\\/#primaryimage\",\"url\":\"https:\\\/\\\/malva1979.com\\\/wp-content\\\/uploads\\\/2025\\\/10\\\/MALVA-web.jpg\",\"contentUrl\":\"https:\\\/\\\/malva1979.com\\\/wp-content\\\/uploads\\\/2025\\\/10\\\/MALVA-web.jpg\"},{\"@type\":\"BreadcrumbList\",\"@id\":\"https:\\\/\\\/malva1979.com\\\/fr\\\/a-propos\\\/#breadcrumb\",\"itemListElement\":[{\"@type\":\"ListItem\",\"position\":1,\"name\":\"Home\",\"item\":\"https:\\\/\\\/malva1979.com\\\/fr\\\/\"},{\"@type\":\"ListItem\",\"position\":2,\"name\":\"\u00c0 propos\"}]},{\"@type\":\"WebSite\",\"@id\":\"https:\\\/\\\/malva1979.com\\\/fr\\\/#website\",\"url\":\"https:\\\/\\\/malva1979.com\\\/fr\\\/\",\"name\":\"Malva 1979\",\"description\":\"\",\"publisher\":{\"@id\":\"https:\\\/\\\/malva1979.com\\\/fr\\\/#organization\"},\"potentialAction\":[{\"@type\":\"SearchAction\",\"target\":{\"@type\":\"EntryPoint\",\"urlTemplate\":\"https:\\\/\\\/malva1979.com\\\/fr\\\/?s={search_term_string}\"},\"query-input\":{\"@type\":\"PropertyValueSpecification\",\"valueRequired\":true,\"valueName\":\"search_term_string\"}}],\"inLanguage\":\"fr-FR\"},{\"@type\":\"Organization\",\"@id\":\"https:\\\/\\\/malva1979.com\\\/fr\\\/#organization\",\"name\":\"Malva 1979\",\"url\":\"https:\\\/\\\/malva1979.com\\\/fr\\\/\",\"logo\":{\"@type\":\"ImageObject\",\"inLanguage\":\"fr-FR\",\"@id\":\"https:\\\/\\\/malva1979.com\\\/fr\\\/#\\\/schema\\\/logo\\\/image\\\/\",\"url\":\"https:\\\/\\\/malva1979.com\\\/wp-content\\\/uploads\\\/2025\\\/08\\\/Logo-Malva.png\",\"contentUrl\":\"https:\\\/\\\/malva1979.com\\\/wp-content\\\/uploads\\\/2025\\\/08\\\/Logo-Malva.png\",\"width\":809,\"height\":655,\"caption\":\"Malva 1979\"},\"image\":{\"@id\":\"https:\\\/\\\/malva1979.com\\\/fr\\\/#\\\/schema\\\/logo\\\/image\\\/\"},\"sameAs\":[\"https:\\\/\\\/www.instagram.com\\\/malva_1979\\\/\",\"https:\\\/\\\/www.linkedin.com\\\/in\\\/malva-moncalvo-023531a5\\\/\"]}]}<\/script>\n<!-- \/ Yoast SEO plugin. -->","yoast_head_json":{"title":"\u00c0 propos - Malva 1979","robots":{"index":"index","follow":"follow","max-snippet":"max-snippet:-1","max-image-preview":"max-image-preview:large","max-video-preview":"max-video-preview:-1"},"canonical":"https:\/\/malva1979.com\/fr\/a-propos\/","og_locale":"fr_FR","og_type":"article","og_title":"\u00c0 propos - Malva 1979","og_description":"PARFOIS, IL SUFFIT D\u2019UN D\u00c9TAIL POUR R\u00c9VEILLER UN SOUVENIR. MALVA 1979\u00a0est la marque de parfumerie artistique fond\u00e9e par Malva Moncalvo","og_url":"https:\/\/malva1979.com\/fr\/a-propos\/","og_site_name":"Malva 1979","article_modified_time":"2026-04-07T15:44:56+00:00","og_image":[{"width":1920,"height":1441,"url":"https:\/\/malva1979.com\/wp-content\/uploads\/2025\/10\/MALVA-web.jpg","type":"image\/jpeg"}],"twitter_card":"summary_large_image","twitter_misc":{"Dur\u00e9e de lecture estim\u00e9e":"4 minutes"},"schema":{"@context":"https:\/\/schema.org","@graph":[{"@type":"WebPage","@id":"https:\/\/malva1979.com\/fr\/a-propos\/","url":"https:\/\/malva1979.com\/fr\/a-propos\/","name":"\u00c0 propos - Malva 1979","isPartOf":{"@id":"https:\/\/malva1979.com\/fr\/#website"},"primaryImageOfPage":{"@id":"https:\/\/malva1979.com\/fr\/a-propos\/#primaryimage"},"image":{"@id":"https:\/\/malva1979.com\/fr\/a-propos\/#primaryimage"},"thumbnailUrl":"https:\/\/malva1979.com\/wp-content\/uploads\/2025\/10\/MALVA-web.jpg","datePublished":"2025-10-13T04:31:29+00:00","dateModified":"2026-04-07T15:44:56+00:00","breadcrumb":{"@id":"https:\/\/malva1979.com\/fr\/a-propos\/#breadcrumb"},"inLanguage":"fr-FR","potentialAction":[{"@type":"ReadAction","target":["https:\/\/malva1979.com\/fr\/a-propos\/"]}]},{"@type":"ImageObject","inLanguage":"fr-FR","@id":"https:\/\/malva1979.com\/fr\/a-propos\/#primaryimage","url":"https:\/\/malva1979.com\/wp-content\/uploads\/2025\/10\/MALVA-web.jpg","contentUrl":"https:\/\/malva1979.com\/wp-content\/uploads\/2025\/10\/MALVA-web.jpg"},{"@type":"BreadcrumbList","@id":"https:\/\/malva1979.com\/fr\/a-propos\/#breadcrumb","itemListElement":[{"@type":"ListItem","position":1,"name":"Home","item":"https:\/\/malva1979.com\/fr\/"},{"@type":"ListItem","position":2,"name":"\u00c0 propos"}]},{"@type":"WebSite","@id":"https:\/\/malva1979.com\/fr\/#website","url":"https:\/\/malva1979.com\/fr\/","name":"Malva 1979","description":"","publisher":{"@id":"https:\/\/malva1979.com\/fr\/#organization"},"potentialAction":[{"@type":"SearchAction","target":{"@type":"EntryPoint","urlTemplate":"https:\/\/malva1979.com\/fr\/?s={search_term_string}"},"query-input":{"@type":"PropertyValueSpecification","valueRequired":true,"valueName":"search_term_string"}}],"inLanguage":"fr-FR"},{"@type":"Organization","@id":"https:\/\/malva1979.com\/fr\/#organization","name":"Malva 1979","url":"https:\/\/malva1979.com\/fr\/","logo":{"@type":"ImageObject","inLanguage":"fr-FR","@id":"https:\/\/malva1979.com\/fr\/#\/schema\/logo\/image\/","url":"https:\/\/malva1979.com\/wp-content\/uploads\/2025\/08\/Logo-Malva.png","contentUrl":"https:\/\/malva1979.com\/wp-content\/uploads\/2025\/08\/Logo-Malva.png","width":809,"height":655,"caption":"Malva 1979"},"image":{"@id":"https:\/\/malva1979.com\/fr\/#\/schema\/logo\/image\/"},"sameAs":["https:\/\/www.instagram.com\/malva_1979\/","https:\/\/www.linkedin.com\/in\/malva-moncalvo-023531a5\/"]}]}},"_links":{"self":[{"href":"https:\/\/malva1979.com\/fr\/wp-json\/wp\/v2\/pages\/30992","targetHints":{"allow":["GET"]}}],"collection":[{"href":"https:\/\/malva1979.com\/fr\/wp-json\/wp\/v2\/pages"}],"about":[{"href":"https:\/\/malva1979.com\/fr\/wp-json\/wp\/v2\/types\/page"}],"author":[{"embeddable":true,"href":"https:\/\/malva1979.com\/fr\/wp-json\/wp\/v2\/users\/1"}],"replies":[{"embeddable":true,"href":"https:\/\/malva1979.com\/fr\/wp-json\/wp\/v2\/comments?post=30992"}],"version-history":[{"count":11,"href":"https:\/\/malva1979.com\/fr\/wp-json\/wp\/v2\/pages\/30992\/revisions"}],"predecessor-version":[{"id":31787,"href":"https:\/\/malva1979.com\/fr\/wp-json\/wp\/v2\/pages\/30992\/revisions\/31787"}],"wp:attachment":[{"href":"https:\/\/malva1979.com\/fr\/wp-json\/wp\/v2\/media?parent=30992"}],"curies":[{"name":"wp","href":"https:\/\/api.w.org\/{rel}","templated":true}]}}