{"id":30944,"date":"2025-10-22T07:25:51","date_gmt":"2025-10-22T05:25:51","guid":{"rendered":"https:\/\/malva1979.com\/prodotto\/nude-essence\/"},"modified":"2026-04-02T12:24:53","modified_gmt":"2026-04-02T10:24:53","slug":"nude-essence","status":"publish","type":"product","link":"https:\/\/malva1979.com\/fr\/produit\/nude-essence\/","title":{"rendered":"Nude Essence"},"content":{"rendered":"\t\t<div data-elementor-type=\"wp-post\" data-elementor-id=\"30944\" class=\"elementor elementor-30944 elementor-29536\">\n\t\t\t\t<div class=\"wd-negative-gap elementor-element elementor-element-997cfae e-flex e-con-boxed e-con e-parent\" data-id=\"997cfae\" data-element_type=\"container\">\n\t\t\t\t\t<div class=\"e-con-inner\">\n\t\t\t\t<div class=\"elementor-element elementor-element-7bea800 color-scheme-inherit text-left elementor-widget elementor-widget-text-editor\" data-id=\"7bea800\" data-element_type=\"widget\" data-widget_type=\"text-editor.default\">\n\t\t\t\t\t\t\t\t\t<p>Un parfum d\u00e9licat et enveloppant, con\u00e7u pour se fondre naturellement avec la peau, en amplifiant sa chaleur et en laissant une empreinte olfactive intime et sophistiqu\u00e9e.<br \/>Un sillage impalpable mais irr\u00e9sistible, qui devient une extension de la personne qui le porte, \u00e9voquant une sensation de douceur, de confort et d\u2019une sensualit\u00e9 discr\u00e8te.<br \/>Un parfum qui habite la sph\u00e8re la plus intime de soi, pens\u00e9 pour accompagner les gestes du soin et de la qui\u00e9tude. Il se fond \u00e0 la peau comme une \u00e9treinte l\u00e9g\u00e8re, entre des draps frais et des silences feutr\u00e9s, \u00e9voquant un sentiment de paix, de douceur et de recueillement.<\/p>\t\t\t\t\t\t\t\t<\/div>\n\t\t\t\t<div class=\"elementor-element elementor-element-a57b80b wd-width-100 elementor-widget elementor-widget-wd_banner_carousel\" data-id=\"a57b80b\" data-element_type=\"widget\" data-widget_type=\"wd_banner_carousel.default\">\n\t\t\t\t<div class=\"elementor-widget-container\">\n\t\t\t\t\t\t\t<div class=\"wd-carousel-container banners-carousel-wrapper\">\n\t\t\t<div class=\"wd-carousel-inner\">\n\t\t\t\t<div class=\"wd-carousel wd-grid banners-carousel\" data-speed=\"5000\" data-wrap=\"yes\" data-autoplay=\"yes\" data-scroll_per_page=\"yes\" style=\"--wd-col-lg:1;--wd-col-md:1;--wd-col-sm:1;--wd-gap-lg:0px;\">\n\t\t\t\t\t<div class=\"wd-carousel-wrap\">\n\t\t\t\t\t\t\t\t\t\t\t\t\t\t\t\t\t\t\t\t\t\t<div class=\"promo-banner-wrapper wd-carousel-item elementor-repeater-item-950e1cf\">\n\t\t\t<div class=\"promo-banner banner-content-background banner-hover-none color-scheme- banner-btn-size-default banner-btn-style-default wd-with-link\">\n\t\t\t\t<div class=\"main-wrapp-img\">\n\t\t\t\t\t<div class=\"banner-image\">\n\t\t\t\t\t\t\t\t\t\t\t\t\t\t\t\t\t\t\t\t\t<img loading=\"lazy\" decoding=\"async\" width=\"590\" height=\"200\" src=\"https:\/\/malva1979.com\/wp-content\/uploads\/2021\/08\/spacer.png\" class=\"attachment-full size-full\" alt=\"\" srcset=\"https:\/\/malva1979.com\/wp-content\/uploads\/2021\/08\/spacer.png 590w, https:\/\/malva1979.com\/wp-content\/uploads\/2021\/08\/spacer-400x136.png 400w, https:\/\/malva1979.com\/wp-content\/uploads\/2021\/08\/spacer-430x146.png 430w, https:\/\/malva1979.com\/wp-content\/uploads\/2021\/08\/spacer-150x51.png 150w\" sizes=\"auto, (max-width: 590px) 100vw, 590px\" \/>\t\t\t\t\t\t\t\t\t\t\t\t\t\t\t\t\t\t<\/div>\n\t\t\t\t<\/div>\n\n\t\t\t\t<div class=\"wrapper-content-banner wd-fill wd-items-middle wd-justify-center\">\n\t\t\t\t\t<div class=\"content-banner  text-center\">\n\t\t\t\t\t\t\n\t\t\t\t\t\t\t\t\t\t\t\t\t<h4 class=\"banner-title wd-fontsize-xxl\" data-elementor-setting-key=\"title\">\n\t\t\t\t\t\t\t\tNOTES DE T\u00caTE\t\t\t\t\t\t\t<\/h4>\n\t\t\t\t\t\t\n\t\t\t\t\t\t\t\t\t\t\t\t\t<div class=\"banner-inner reset-last-child wd-fontsize-s\" data-elementor-setting-key=\"content\">\n\t\t\t\t\t\t\t\t<p>Baies roses, Ros\u00e9e du matin, Muguet<\/p>\n\t\t\t\t\t\t\t<\/div>\n\t\t\t\t\t\t\n\t\t\t\t\t\t\n\t\t\t\t\t\t\t\t\t\t\t<\/div>\n\t\t\t\t<\/div>\n\n\t\t\t\t\t\t\t\t\t<a href=\"#\" class=\"wd-promo-banner-link wd-fill\" aria-label=\"Banner link\"><\/a>\n\t\t\t\t\t\t\t<\/div>\n\t\t<\/div>\n\t\t\t\t\t\t\t\t\t\t\t\t\t\t\t\t\t\t\t\t\t\t\t\t<div class=\"promo-banner-wrapper wd-carousel-item elementor-repeater-item-bdeca9b\">\n\t\t\t<div class=\"promo-banner banner-content-background banner-hover-none color-scheme- banner-btn-size-default banner-btn-style-default wd-with-link\">\n\t\t\t\t<div class=\"main-wrapp-img\">\n\t\t\t\t\t<div class=\"banner-image\">\n\t\t\t\t\t\t\t\t\t\t\t\t\t\t\t\t\t\t\t\t\t<img loading=\"lazy\" decoding=\"async\" width=\"590\" height=\"200\" src=\"https:\/\/malva1979.com\/wp-content\/uploads\/2021\/08\/spacer.png\" class=\"attachment-full size-full\" alt=\"\" srcset=\"https:\/\/malva1979.com\/wp-content\/uploads\/2021\/08\/spacer.png 590w, https:\/\/malva1979.com\/wp-content\/uploads\/2021\/08\/spacer-400x136.png 400w, https:\/\/malva1979.com\/wp-content\/uploads\/2021\/08\/spacer-430x146.png 430w, https:\/\/malva1979.com\/wp-content\/uploads\/2021\/08\/spacer-150x51.png 150w\" sizes=\"auto, (max-width: 590px) 100vw, 590px\" \/>\t\t\t\t\t\t\t\t\t\t\t\t\t\t\t\t\t\t<\/div>\n\t\t\t\t<\/div>\n\n\t\t\t\t<div class=\"wrapper-content-banner wd-fill wd-items-middle wd-justify-center\">\n\t\t\t\t\t<div class=\"content-banner  text-center\">\n\t\t\t\t\t\t\n\t\t\t\t\t\t\t\t\t\t\t\t\t<h4 class=\"banner-title wd-fontsize-xxl\" data-elementor-setting-key=\"title\">\n\t\t\t\t\t\t\t\tNOTES DE C\u0152UR\t\t\t\t\t\t\t<\/h4>\n\t\t\t\t\t\t\n\t\t\t\t\t\t\t\t\t\t\t\t\t<div class=\"banner-inner reset-last-child wd-fontsize-s\" data-elementor-setting-key=\"content\">\n\t\t\t\t\t\t\t\t<p>Accord de peau propre, Iris soyeux, Magnolia<\/p>\n\t\t\t\t\t\t\t<\/div>\n\t\t\t\t\t\t\n\t\t\t\t\t\t\n\t\t\t\t\t\t\t\t\t\t\t<\/div>\n\t\t\t\t<\/div>\n\n\t\t\t\t\t\t\t\t\t<a href=\"#\" class=\"wd-promo-banner-link wd-fill\" aria-label=\"Banner link\"><\/a>\n\t\t\t\t\t\t\t<\/div>\n\t\t<\/div>\n\t\t\t\t\t\t\t\t\t\t\t\t\t\t\t\t\t\t\t\t\t\t\t\t<div class=\"promo-banner-wrapper wd-carousel-item elementor-repeater-item-113f097\">\n\t\t\t<div class=\"promo-banner banner-content-background banner-hover-none color-scheme- banner-btn-size-default banner-btn-style-default wd-with-link\">\n\t\t\t\t<div class=\"main-wrapp-img\">\n\t\t\t\t\t<div class=\"banner-image\">\n\t\t\t\t\t\t\t\t\t\t\t\t\t\t\t\t\t\t\t\t\t<img loading=\"lazy\" decoding=\"async\" width=\"590\" height=\"200\" src=\"https:\/\/malva1979.com\/wp-content\/uploads\/2021\/08\/spacer.png\" class=\"attachment-full size-full\" alt=\"\" srcset=\"https:\/\/malva1979.com\/wp-content\/uploads\/2021\/08\/spacer.png 590w, https:\/\/malva1979.com\/wp-content\/uploads\/2021\/08\/spacer-400x136.png 400w, https:\/\/malva1979.com\/wp-content\/uploads\/2021\/08\/spacer-430x146.png 430w, https:\/\/malva1979.com\/wp-content\/uploads\/2021\/08\/spacer-150x51.png 150w\" sizes=\"auto, (max-width: 590px) 100vw, 590px\" \/>\t\t\t\t\t\t\t\t\t\t\t\t\t\t\t\t\t\t<\/div>\n\t\t\t\t<\/div>\n\n\t\t\t\t<div class=\"wrapper-content-banner wd-fill wd-items-middle wd-justify-center\">\n\t\t\t\t\t<div class=\"content-banner  text-center\">\n\t\t\t\t\t\t\n\t\t\t\t\t\t\t\t\t\t\t\t\t<h4 class=\"banner-title wd-fontsize-xxl\" data-elementor-setting-key=\"title\">\n\t\t\t\t\t\t\t\tNOTES DE FOND\t\t\t\t\t\t\t<\/h4>\n\t\t\t\t\t\t\n\t\t\t\t\t\t\t\t\t\t\t\t\t<div class=\"banner-inner reset-last-child wd-fontsize-s\" data-elementor-setting-key=\"content\">\n\t\t\t\t\t\t\t\t<p>Santal cr\u00e9meux, Patchouli, Muscs blancs<\/p>\n\t\t\t\t\t\t\t<\/div>\n\t\t\t\t\t\t\n\t\t\t\t\t\t\n\t\t\t\t\t\t\t\t\t\t\t<\/div>\n\t\t\t\t<\/div>\n\n\t\t\t\t\t\t\t\t\t<a href=\"#\" class=\"wd-promo-banner-link wd-fill\" aria-label=\"Banner link\"><\/a>\n\t\t\t\t\t\t\t<\/div>\n\t\t<\/div>\n\t\t\t\t\t\t\t\t\t\t\t\t\t<\/div>\n\t\t\t\t<\/div>\n\n\t\t\t\t\t\t\t\t\t\t\t<div class=\"wd-nav-arrows wd-pos-sep wd-hover-1 wd-icon-1\">\n\t\t\t<div class=\"wd-btn-arrow wd-prev wd-disabled\">\n\t\t\t\t<div class=\"wd-arrow-inner\"><\/div>\n\t\t\t<\/div>\n\t\t\t<div class=\"wd-btn-arrow wd-next\">\n\t\t\t\t<div class=\"wd-arrow-inner\"><\/div>\n\t\t\t<\/div>\n\t\t<\/div>\n\t\t\t\t\t\t\t\t\t<\/div>\n\n\t\t\t\t\t\t\t\t<\/div>\n\t\t\t\t\t\t<\/div>\n\t\t\t\t<\/div>\n\t\t\t\t\t<\/div>\n\t\t\t\t<\/div>\n\t\t<div class=\"wd-negative-gap elementor-element elementor-element-f018ae4 e-flex e-con-boxed e-con e-parent\" data-id=\"f018ae4\" data-element_type=\"container\">\n\t\t\t\t\t<div class=\"e-con-inner\">\n\t\t\t\t<div class=\"elementor-element elementor-element-388488e elementor-widget elementor-widget-wd_accordion\" data-id=\"388488e\" data-element_type=\"widget\" data-widget_type=\"wd_accordion.default\">\n\t\t\t\t<div class=\"elementor-widget-container\">\n\t\t\t\t\t\n\t\t<div class=\"wd-accordion wd-style-default wd-titles-left wd-opener-pos-left wd-opener-style-arrow\" data-state=\"first\">\n\t\t\t\t\t\t\t\n\t\t\t\t<div class=\"wd-accordion-item\">\n\t\t\t\t\t<div class=\"wd-accordion-title wd-role-btn wd-active\" data-accordion-index=\"0\" tabindex=\"0\">\n\t\t\t\t\t\t<div class=\"wd-accordion-title-text\">\n\t\t\t\t\t\t\t\t\t\t\t\t\t\t<span>\n\t\t\t\t\t\t\t\tFamille\t\t\t\t\t\t\t<\/span>\n\t\t\t\t\t\t<\/div>\n\t\t\t\t\t\t<span class=\"wd-accordion-opener\"><\/span>\n\t\t\t\t\t<\/div>\n\n\t\t\t\t\t<div class=\"wd-accordion-content wd-entry-content wd-active\" data-accordion-index=\"0\">\n\t\t\t\t\t\t\t\t\t\t\t\t\t\n\t\t\t\t\t\t\t<p>Florale, Verte, Musqu\u00e9e<\/p>\n\t\t\t\t\t\t\t\t\t\t\t\t\t\t\t\t\t\t<\/div>\n\t\t\t\t<\/div>\n\t\t\t\t\t\t\t\n\t\t\t\t<div class=\"wd-accordion-item\">\n\t\t\t\t\t<div class=\"wd-accordion-title wd-role-btn\" data-accordion-index=\"1\" tabindex=\"0\">\n\t\t\t\t\t\t<div class=\"wd-accordion-title-text\">\n\t\t\t\t\t\t\t\t\t\t\t\t\t\t<span>\n\t\t\t\t\t\t\t\tIngr\u00e9dients\t\t\t\t\t\t\t<\/span>\n\t\t\t\t\t\t<\/div>\n\t\t\t\t\t\t<span class=\"wd-accordion-opener\"><\/span>\n\t\t\t\t\t<\/div>\n\n\t\t\t\t\t<div class=\"wd-accordion-content wd-entry-content\" data-accordion-index=\"1\">\n\t\t\t\t\t\t\t\t\t\t\t\t\t\n\t\t\t\t\t\t\t<p>alcohol denat., parfum (fragrance), tetramethyl acetyloctahydronaphthalenes, aqua (water), schinus molle oil, coumarin, anise alcohol, limonene, rose ketones, pinene, pogostemon cablin oil, beta-caryophyllene, terpinolene.<\/p>\n\t\t\t\t\t\t\t\t\t\t\t\t\t\t\t\t\t\t<\/div>\n\t\t\t\t<\/div>\n\t\t\t\t\t\t\t\n\t\t\t\t<div class=\"wd-accordion-item\">\n\t\t\t\t\t<div class=\"wd-accordion-title wd-role-btn\" data-accordion-index=\"2\" tabindex=\"0\">\n\t\t\t\t\t\t<div class=\"wd-accordion-title-text\">\n\t\t\t\t\t\t\t\t\t\t\t\t\t\t<span>\n\t\t\t\t\t\t\t\tFabriqu\u00e9 en Italie\t\t\t\t\t\t\t<\/span>\n\t\t\t\t\t\t<\/div>\n\t\t\t\t\t\t<span class=\"wd-accordion-opener\"><\/span>\n\t\t\t\t\t<\/div>\n\n\t\t\t\t\t<div class=\"wd-accordion-content wd-entry-content\" data-accordion-index=\"2\">\n\t\t\t\t\t\t\t\t\t\t\t\t\t\n\t\t\t\t\t\t\t<p>Les flacons, fabriqu\u00e9s par des verreries europ\u00e9ennes, sont pr\u00e9sent\u00e9s dans des coffrets r\u00e9alis\u00e9s par des artisans italiens: des objets pens\u00e9s pour durer, \u00e0 conserver et \u00e0 r\u00e9utiliser, dans le respect de l\u2019environnement, en \u00e9vitant tout opportunisme li\u00e9 au greenwashing.<br \/>Le graphisme refl\u00e8te lui aussi une esth\u00e9tique conceptuelle et raffin\u00e9e : des formes abstraites \u00e9mergent de fonds sombres dans un jeu de lumi\u00e8re et de profondeur, cr\u00e9ant une identit\u00e9 visuelle onirique et intense, en coh\u00e9rence avec l\u2019univers \u00e9motionnel des fragrances.<\/p>\n\t\t\t\t\t\t\t\t\t\t\t\t\t\t\t\t\t\t<\/div>\n\t\t\t\t<\/div>\n\t\t\t\t\t<\/div>\n\t\t\t\t\t\t<\/div>\n\t\t\t\t<\/div>\n\t\t\t\t\t<\/div>\n\t\t\t\t<\/div>\n\t\t\t\t<\/div>\n\t\t","protected":false},"excerpt":{"rendered":"<p>L\u2019essence de la seconde peau<\/p>\n","protected":false},"featured_media":31501,"comment_status":"closed","ping_status":"closed","template":"","meta":[],"product_brand":[],"product_cat":[151],"product_tag":[157,161,164],"class_list":{"0":"post-30944","1":"product","2":"type-product","3":"status-publish","4":"has-post-thumbnail","6":"product_cat-eau-de-parfume","7":"product_tag-florale","8":"product_tag-musquee","9":"product_tag-verte","11":"first","12":"instock","13":"taxable","14":"shipping-taxable","15":"purchasable","16":"product-type-simple"},"yoast_head":"<!-- This site is optimized with the Yoast SEO plugin v27.3 - https:\/\/yoast.com\/product\/yoast-seo-wordpress\/ -->\n<title>Nude Essence - Malva 1979<\/title>\n<meta name=\"robots\" content=\"index, follow, max-snippet:-1, max-image-preview:large, max-video-preview:-1\" \/>\n<link rel=\"canonical\" href=\"https:\/\/malva1979.com\/fr\/produit\/nude-essence\/\" \/>\n<meta property=\"og:locale\" content=\"fr_FR\" \/>\n<meta property=\"og:type\" content=\"article\" \/>\n<meta property=\"og:title\" content=\"Nude Essence - Malva 1979\" \/>\n<meta property=\"og:description\" content=\"L\u2019essence de la seconde peau\" \/>\n<meta property=\"og:url\" content=\"https:\/\/malva1979.com\/fr\/produit\/nude-essence\/\" \/>\n<meta property=\"og:site_name\" content=\"Malva 1979\" \/>\n<meta property=\"article:modified_time\" content=\"2026-04-02T10:24:53+00:00\" \/>\n<meta property=\"og:image\" content=\"https:\/\/malva1979.com\/wp-content\/uploads\/2025\/09\/02-nude-essence-rid1.jpg\" \/>\n\t<meta property=\"og:image:width\" content=\"1414\" \/>\n\t<meta property=\"og:image:height\" content=\"2000\" \/>\n\t<meta property=\"og:image:type\" content=\"image\/jpeg\" \/>\n<meta name=\"twitter:card\" content=\"summary_large_image\" \/>\n<meta name=\"twitter:label1\" content=\"Dur\u00e9e de lecture estim\u00e9e\" \/>\n\t<meta name=\"twitter:data1\" content=\"3 minutes\" \/>\n<script type=\"application\/ld+json\" class=\"yoast-schema-graph\">{\"@context\":\"https:\\\/\\\/schema.org\",\"@graph\":[{\"@type\":\"WebPage\",\"@id\":\"https:\\\/\\\/malva1979.com\\\/fr\\\/produit\\\/nude-essence\\\/\",\"url\":\"https:\\\/\\\/malva1979.com\\\/fr\\\/produit\\\/nude-essence\\\/\",\"name\":\"Nude Essence - Malva 1979\",\"isPartOf\":{\"@id\":\"https:\\\/\\\/malva1979.com\\\/fr\\\/#website\"},\"primaryImageOfPage\":{\"@id\":\"https:\\\/\\\/malva1979.com\\\/fr\\\/produit\\\/nude-essence\\\/#primaryimage\"},\"image\":{\"@id\":\"https:\\\/\\\/malva1979.com\\\/fr\\\/produit\\\/nude-essence\\\/#primaryimage\"},\"thumbnailUrl\":\"https:\\\/\\\/malva1979.com\\\/wp-content\\\/uploads\\\/2025\\\/09\\\/02-nude-essence-rid1.jpg\",\"datePublished\":\"2025-10-22T05:25:51+00:00\",\"dateModified\":\"2026-04-02T10:24:53+00:00\",\"breadcrumb\":{\"@id\":\"https:\\\/\\\/malva1979.com\\\/fr\\\/produit\\\/nude-essence\\\/#breadcrumb\"},\"inLanguage\":\"fr-FR\",\"potentialAction\":[{\"@type\":\"ReadAction\",\"target\":[\"https:\\\/\\\/malva1979.com\\\/fr\\\/produit\\\/nude-essence\\\/\"]}]},{\"@type\":\"ImageObject\",\"inLanguage\":\"fr-FR\",\"@id\":\"https:\\\/\\\/malva1979.com\\\/fr\\\/produit\\\/nude-essence\\\/#primaryimage\",\"url\":\"https:\\\/\\\/malva1979.com\\\/wp-content\\\/uploads\\\/2025\\\/09\\\/02-nude-essence-rid1.jpg\",\"contentUrl\":\"https:\\\/\\\/malva1979.com\\\/wp-content\\\/uploads\\\/2025\\\/09\\\/02-nude-essence-rid1.jpg\",\"width\":1414,\"height\":2000},{\"@type\":\"BreadcrumbList\",\"@id\":\"https:\\\/\\\/malva1979.com\\\/fr\\\/produit\\\/nude-essence\\\/#breadcrumb\",\"itemListElement\":[{\"@type\":\"ListItem\",\"position\":1,\"name\":\"Home\",\"item\":\"https:\\\/\\\/malva1979.com\\\/fr\\\/\"},{\"@type\":\"ListItem\",\"position\":2,\"name\":\"Shop\",\"item\":\"https:\\\/\\\/slategrey-cat-494429.hostingersite.com\\\/shop\\\/\"},{\"@type\":\"ListItem\",\"position\":3,\"name\":\"Nude Essence\"}]},{\"@type\":\"WebSite\",\"@id\":\"https:\\\/\\\/malva1979.com\\\/fr\\\/#website\",\"url\":\"https:\\\/\\\/malva1979.com\\\/fr\\\/\",\"name\":\"Malva 1979\",\"description\":\"\",\"publisher\":{\"@id\":\"https:\\\/\\\/malva1979.com\\\/fr\\\/#organization\"},\"potentialAction\":[{\"@type\":\"SearchAction\",\"target\":{\"@type\":\"EntryPoint\",\"urlTemplate\":\"https:\\\/\\\/malva1979.com\\\/fr\\\/?s={search_term_string}\"},\"query-input\":{\"@type\":\"PropertyValueSpecification\",\"valueRequired\":true,\"valueName\":\"search_term_string\"}}],\"inLanguage\":\"fr-FR\"},{\"@type\":\"Organization\",\"@id\":\"https:\\\/\\\/malva1979.com\\\/fr\\\/#organization\",\"name\":\"Malva 1979\",\"url\":\"https:\\\/\\\/malva1979.com\\\/fr\\\/\",\"logo\":{\"@type\":\"ImageObject\",\"inLanguage\":\"fr-FR\",\"@id\":\"https:\\\/\\\/malva1979.com\\\/fr\\\/#\\\/schema\\\/logo\\\/image\\\/\",\"url\":\"https:\\\/\\\/malva1979.com\\\/wp-content\\\/uploads\\\/2025\\\/08\\\/Logo-Malva.png\",\"contentUrl\":\"https:\\\/\\\/malva1979.com\\\/wp-content\\\/uploads\\\/2025\\\/08\\\/Logo-Malva.png\",\"width\":809,\"height\":655,\"caption\":\"Malva 1979\"},\"image\":{\"@id\":\"https:\\\/\\\/malva1979.com\\\/fr\\\/#\\\/schema\\\/logo\\\/image\\\/\"},\"sameAs\":[\"https:\\\/\\\/www.instagram.com\\\/malva_1979\\\/\",\"https:\\\/\\\/www.linkedin.com\\\/in\\\/malva-moncalvo-023531a5\\\/\"]}]}<\/script>\n<!-- \/ Yoast SEO plugin. -->","yoast_head_json":{"title":"Nude Essence - Malva 1979","robots":{"index":"index","follow":"follow","max-snippet":"max-snippet:-1","max-image-preview":"max-image-preview:large","max-video-preview":"max-video-preview:-1"},"canonical":"https:\/\/malva1979.com\/fr\/produit\/nude-essence\/","og_locale":"fr_FR","og_type":"article","og_title":"Nude Essence - Malva 1979","og_description":"L\u2019essence de la seconde peau","og_url":"https:\/\/malva1979.com\/fr\/produit\/nude-essence\/","og_site_name":"Malva 1979","article_modified_time":"2026-04-02T10:24:53+00:00","og_image":[{"width":1414,"height":2000,"url":"https:\/\/malva1979.com\/wp-content\/uploads\/2025\/09\/02-nude-essence-rid1.jpg","type":"image\/jpeg"}],"twitter_card":"summary_large_image","twitter_misc":{"Dur\u00e9e de lecture estim\u00e9e":"3 minutes"},"schema":{"@context":"https:\/\/schema.org","@graph":[{"@type":"WebPage","@id":"https:\/\/malva1979.com\/fr\/produit\/nude-essence\/","url":"https:\/\/malva1979.com\/fr\/produit\/nude-essence\/","name":"Nude Essence - Malva 1979","isPartOf":{"@id":"https:\/\/malva1979.com\/fr\/#website"},"primaryImageOfPage":{"@id":"https:\/\/malva1979.com\/fr\/produit\/nude-essence\/#primaryimage"},"image":{"@id":"https:\/\/malva1979.com\/fr\/produit\/nude-essence\/#primaryimage"},"thumbnailUrl":"https:\/\/malva1979.com\/wp-content\/uploads\/2025\/09\/02-nude-essence-rid1.jpg","datePublished":"2025-10-22T05:25:51+00:00","dateModified":"2026-04-02T10:24:53+00:00","breadcrumb":{"@id":"https:\/\/malva1979.com\/fr\/produit\/nude-essence\/#breadcrumb"},"inLanguage":"fr-FR","potentialAction":[{"@type":"ReadAction","target":["https:\/\/malva1979.com\/fr\/produit\/nude-essence\/"]}]},{"@type":"ImageObject","inLanguage":"fr-FR","@id":"https:\/\/malva1979.com\/fr\/produit\/nude-essence\/#primaryimage","url":"https:\/\/malva1979.com\/wp-content\/uploads\/2025\/09\/02-nude-essence-rid1.jpg","contentUrl":"https:\/\/malva1979.com\/wp-content\/uploads\/2025\/09\/02-nude-essence-rid1.jpg","width":1414,"height":2000},{"@type":"BreadcrumbList","@id":"https:\/\/malva1979.com\/fr\/produit\/nude-essence\/#breadcrumb","itemListElement":[{"@type":"ListItem","position":1,"name":"Home","item":"https:\/\/malva1979.com\/fr\/"},{"@type":"ListItem","position":2,"name":"Shop","item":"https:\/\/slategrey-cat-494429.hostingersite.com\/shop\/"},{"@type":"ListItem","position":3,"name":"Nude Essence"}]},{"@type":"WebSite","@id":"https:\/\/malva1979.com\/fr\/#website","url":"https:\/\/malva1979.com\/fr\/","name":"Malva 1979","description":"","publisher":{"@id":"https:\/\/malva1979.com\/fr\/#organization"},"potentialAction":[{"@type":"SearchAction","target":{"@type":"EntryPoint","urlTemplate":"https:\/\/malva1979.com\/fr\/?s={search_term_string}"},"query-input":{"@type":"PropertyValueSpecification","valueRequired":true,"valueName":"search_term_string"}}],"inLanguage":"fr-FR"},{"@type":"Organization","@id":"https:\/\/malva1979.com\/fr\/#organization","name":"Malva 1979","url":"https:\/\/malva1979.com\/fr\/","logo":{"@type":"ImageObject","inLanguage":"fr-FR","@id":"https:\/\/malva1979.com\/fr\/#\/schema\/logo\/image\/","url":"https:\/\/malva1979.com\/wp-content\/uploads\/2025\/08\/Logo-Malva.png","contentUrl":"https:\/\/malva1979.com\/wp-content\/uploads\/2025\/08\/Logo-Malva.png","width":809,"height":655,"caption":"Malva 1979"},"image":{"@id":"https:\/\/malva1979.com\/fr\/#\/schema\/logo\/image\/"},"sameAs":["https:\/\/www.instagram.com\/malva_1979\/","https:\/\/www.linkedin.com\/in\/malva-moncalvo-023531a5\/"]}]}},"_links":{"self":[{"href":"https:\/\/malva1979.com\/fr\/wp-json\/wp\/v2\/product\/30944","targetHints":{"allow":["GET"]}}],"collection":[{"href":"https:\/\/malva1979.com\/fr\/wp-json\/wp\/v2\/product"}],"about":[{"href":"https:\/\/malva1979.com\/fr\/wp-json\/wp\/v2\/types\/product"}],"replies":[{"embeddable":true,"href":"https:\/\/malva1979.com\/fr\/wp-json\/wp\/v2\/comments?post=30944"}],"version-history":[{"count":5,"href":"https:\/\/malva1979.com\/fr\/wp-json\/wp\/v2\/product\/30944\/revisions"}],"predecessor-version":[{"id":31606,"href":"https:\/\/malva1979.com\/fr\/wp-json\/wp\/v2\/product\/30944\/revisions\/31606"}],"wp:featuredmedia":[{"embeddable":true,"href":"https:\/\/malva1979.com\/fr\/wp-json\/wp\/v2\/media\/31501"}],"wp:attachment":[{"href":"https:\/\/malva1979.com\/fr\/wp-json\/wp\/v2\/media?parent=30944"}],"wp:term":[{"taxonomy":"product_brand","embeddable":true,"href":"https:\/\/malva1979.com\/fr\/wp-json\/wp\/v2\/product_brand?post=30944"},{"taxonomy":"product_cat","embeddable":true,"href":"https:\/\/malva1979.com\/fr\/wp-json\/wp\/v2\/product_cat?post=30944"},{"taxonomy":"product_tag","embeddable":true,"href":"https:\/\/malva1979.com\/fr\/wp-json\/wp\/v2\/product_tag?post=30944"}],"curies":[{"name":"wp","href":"https:\/\/api.w.org\/{rel}","templated":true}]}}